{"id":2872,"date":"2023-05-14T18:12:49","date_gmt":"2023-05-14T16:12:49","guid":{"rendered":"https:\/\/www.freischuetzen.de\/?page_id=2872"},"modified":"2023-06-15T13:23:05","modified_gmt":"2023-06-15T11:23:05","slug":"logo","status":"publish","type":"page","link":"https:\/\/www.freischuetzen.de\/?page_id=2872","title":{"rendered":"Logo"},"content":{"rendered":"\n<figure class=\"wp-block-image size-full\"><a href=\"https:\/\/www.freischuetzen.de\/wp-content\/uploads\/2023\/05\/logo1000.png\"><img decoding=\"async\" src=\"https:\/\/www.freischuetzen.de\/wp-content\/uploads\/2023\/05\/logo1000.png\" alt=\"\" class=\"wp-image-2866\"\/><\/a><\/figure>\n\n\n\n<h2 class=\"wp-block-heading\">Download<\/h2>\n\n\n\n<p>Copyright aller Logos: <br>CC BY-SA 4.0 Interessengemeinschaft<br>Intuitives Bogenschie\u00dfen Barsb\u00fcttel<br> <br>Ihr d\u00fcrft die Logos frei benutzen und auch ver\u00e4ndern: Mit Namensnennung. Weitergabe unter gleichen Bedingungen.<br><\/p>\n\n\n\n<p>.<\/p>\n\n\n\n<h4 class=\"wp-block-heading\">Gro\u00df<\/h4>\n\n\n\n<figure class=\"wp-block-image size-thumbnail\"><a href=\"https:\/\/www.freischuetzen.de\/wp-content\/uploads\/2023\/05\/logo500.jpg\"><img loading=\"lazy\" decoding=\"async\" width=\"150\" height=\"150\" src=\"https:\/\/www.freischuetzen.de\/wp-content\/uploads\/2023\/05\/logo500-150x150.jpg\" alt=\"\" class=\"wp-image-2877\" srcset=\"https:\/\/www.freischuetzen.de\/wp-content\/uploads\/2023\/05\/logo500-150x150.jpg 150w, https:\/\/www.freischuetzen.de\/wp-content\/uploads\/2023\/05\/logo500-300x300.jpg 300w, https:\/\/www.freischuetzen.de\/wp-content\/uploads\/2023\/05\/logo500.jpg 500w\" sizes=\"auto, (max-width: 150px) 100vw, 150px\" \/><\/a><\/figure>\n\n\n\n<p>1000&#215;1000 px<br><a href=\"https:\/\/www.freischuetzen.de\/wp-content\/uploads\/2023\/05\/logo1000.png\">https:\/\/www.freischuetzen.de\/wp-content\/uploads\/2023\/05\/logo1000.png<\/a><br><br>500&#215;500 px<br><a href=\"https:\/\/www.freischuetzen.de\/wp-content\/uploads\/2023\/05\/logo1000.png\">https:\/\/www.freischuetzen.de\/wp-content\/uploads\/2023\/05\/logo1000.png<\/a><br><a href=\"https:\/\/www.freischuetzen.de\/wp-content\/uploads\/2023\/05\/logo1000.jpg\">https:\/\/www.freischuetzen.de\/wp-content\/uploads\/2023\/05\/logo1000.jpg<\/a><br><br>250&#215;250 px<br><a href=\"https:\/\/www.freischuetzen.de\/wp-content\/uploads\/2023\/05\/logo250.png\">https:\/\/www.freischuetzen.de\/wp-content\/uploads\/2023\/05\/logo250.png<\/a><br><a href=\"https:\/\/www.freischuetzen.de\/wp-content\/uploads\/2023\/05\/logo1000.jpg\">https:\/\/www.freischuetzen.de\/wp-content\/uploads\/2023\/05\/logo1000.jpg<\/a><\/p>\n\n\n\n<p>.<\/p>\n\n\n\n<h4 class=\"wp-block-heading\">Mini<\/h4>\n\n\n\n<figure class=\"wp-block-image size-thumbnail\"><a href=\"https:\/\/www.freischuetzen.de\/wp-content\/uploads\/2023\/05\/logo_kl180.jpg\"><img loading=\"lazy\" decoding=\"async\" width=\"150\" height=\"150\" src=\"https:\/\/www.freischuetzen.de\/wp-content\/uploads\/2023\/05\/logo_kl180-150x150.jpg\" alt=\"\" class=\"wp-image-2883\" srcset=\"https:\/\/www.freischuetzen.de\/wp-content\/uploads\/2023\/05\/logo_kl180-150x150.jpg 150w, https:\/\/www.freischuetzen.de\/wp-content\/uploads\/2023\/05\/logo_kl180.jpg 180w\" sizes=\"auto, (max-width: 150px) 100vw, 150px\" \/><\/a><\/figure>\n\n\n\n<p>360&#215;360 px<br><a href=\"https:\/\/www.freischuetzen.de\/wp-content\/uploads\/2023\/05\/logo_kl360.png\">https:\/\/www.freischuetzen.de\/wp-content\/uploads\/2023\/05\/logo_kl360.png<\/a><br><a href=\"https:\/\/www.freischuetzen.de\/wp-content\/uploads\/2023\/05\/logo_kl360.jpg\">https:\/\/www.freischuetzen.de\/wp-content\/uploads\/2023\/05\/logo_kl360.jpg<\/a><br><br>180x180px<br><a href=\"https:\/\/www.freischuetzen.de\/wp-content\/uploads\/2023\/05\/logo_kl180.png\">https:\/\/www.freischuetzen.de\/wp-content\/uploads\/2023\/05\/logo_kl180.png<\/a><br><a href=\"https:\/\/www.freischuetzen.de\/wp-content\/uploads\/2023\/05\/logo_kl180.jpg\">https:\/\/www.freischuetzen.de\/wp-content\/uploads\/2023\/05\/logo_kl180.jpg<\/a><\/p>\n\n\n\n<p>.<\/p>\n\n\n\n<h4 class=\"wp-block-heading\">F\u00fcr Profis<\/h4>\n\n\n\n<p><strong>Kontur, Farbe frei w\u00e4hlbar:<\/strong><\/p>\n\n\n\n<p><a href=\"https:\/\/www.freischuetzen.de\/wp-content\/uploads\/2023\/06\/230521-logo-bogensport-barsbuettel.pdf\">https:\/\/www.freischuetzen.de\/wp-content\/uploads\/2023\/06\/230521-logo-bogensport-barsbuettel.pdf<\/a><\/p>\n\n\n\n<p><strong>In Schmuck-Farbe:<\/strong><br>HKS 8k, RGB 238\/113\/0, CMYK 0\/65\/100\/0<br><a href=\"https:\/\/www.freischuetzen.de\/wp-content\/uploads\/2023\/05\/logo-bogensport-barsbuette-farbe-HKS-8-schwarz.pdf\">https:\/\/www.freischuetzen.de\/wp-content\/uploads\/2023\/05\/logo-bogensport-barsbuette-farbe-HKS-8-schwarz.pdf<\/a><br><br><br><strong>.ai, .eps und .svg-Dateien auf Anfrage:<\/strong><\/p>\n\n\n\n<p><a href=\"Test@Freischuetzen.de\" data-type=\"URL\" data-id=\"Test@Freischuetzen.de\">Test@Freischuetzen.de<\/a><\/p>\n\n\n\n<p><br><\/p>\n","protected":false},"excerpt":{"rendered":"<p>Download Copyright aller Logos: CC BY-SA 4.0 InteressengemeinschaftIntuitives Bogenschie\u00dfen Barsb\u00fcttel Ihr d\u00fcrft die Logos frei benutzen und auch ver\u00e4ndern: Mit Namensnennung. Weitergabe unter gleichen Bedingungen. . Gro\u00df 1000&#215;1000 pxhttps:\/\/www.freischuetzen.de\/wp-content\/uploads\/2023\/05\/logo1000.png 500&#215;500 pxhttps:\/\/www.freischuetzen.de\/wp-content\/uploads\/2023\/05\/logo1000.pnghttps:\/\/www.freischuetzen.de\/wp-content\/uploads\/2023\/05\/logo1000.jpg 250&#215;250 pxhttps:\/\/www.freischuetzen.de\/wp-content\/uploads\/2023\/05\/logo250.pnghttps:\/\/www.freischuetzen.de\/wp-content\/uploads\/2023\/05\/logo1000.jpg . Mini 360&#215;360 pxhttps:\/\/www.freischuetzen.de\/wp-content\/uploads\/2023\/05\/logo_kl360.pnghttps:\/\/www.freischuetzen.de\/wp-content\/uploads\/2023\/05\/logo_kl360.jpg 180x180pxhttps:\/\/www.freischuetzen.de\/wp-content\/uploads\/2023\/05\/logo_kl180.pnghttps:\/\/www.freischuetzen.de\/wp-content\/uploads\/2023\/05\/logo_kl180.jpg . F\u00fcr Profis Kontur, Farbe frei w\u00e4hlbar: https:\/\/www.freischuetzen.de\/wp-content\/uploads\/2023\/06\/230521-logo-bogensport-barsbuettel.pdf In Schmuck-Farbe:HKS 8k, RGB 238\/113\/0, CMYK 0\/65\/100\/0https:\/\/www.freischuetzen.de\/wp-content\/uploads\/2023\/05\/logo-bogensport-barsbuette-farbe-HKS-8-schwarz.pdf .ai, .eps &hellip; <a href=\"https:\/\/www.freischuetzen.de\/?page_id=2872\" class=\"more-link\"><span class=\"screen-reader-text\">Logo<\/span> weiterlesen <span class=\"meta-nav\">&rarr;<\/span><\/a><\/p>\n","protected":false},"author":18,"featured_media":0,"parent":0,"menu_order":0,"comment_status":"closed","ping_status":"closed","template":"","meta":{"footnotes":""},"class_list":["post-2872","page","type-page","status-publish","hentry"],"_links":{"self":[{"href":"https:\/\/www.freischuetzen.de\/index.php?rest_route=\/wp\/v2\/pages\/2872","targetHints":{"allow":["GET"]}}],"collection":[{"href":"https:\/\/www.freischuetzen.de\/index.php?rest_route=\/wp\/v2\/pages"}],"about":[{"href":"https:\/\/www.freischuetzen.de\/index.php?rest_route=\/wp\/v2\/types\/page"}],"author":[{"embeddable":true,"href":"https:\/\/www.freischuetzen.de\/index.php?rest_route=\/wp\/v2\/users\/18"}],"replies":[{"embeddable":true,"href":"https:\/\/www.freischuetzen.de\/index.php?rest_route=%2Fwp%2Fv2%2Fcomments&post=2872"}],"version-history":[{"count":11,"href":"https:\/\/www.freischuetzen.de\/index.php?rest_route=\/wp\/v2\/pages\/2872\/revisions"}],"predecessor-version":[{"id":2915,"href":"https:\/\/www.freischuetzen.de\/index.php?rest_route=\/wp\/v2\/pages\/2872\/revisions\/2915"}],"wp:attachment":[{"href":"https:\/\/www.freischuetzen.de\/index.php?rest_route=%2Fwp%2Fv2%2Fmedia&parent=2872"}],"curies":[{"name":"wp","href":"https:\/\/api.w.org\/{rel}","templated":true}]}}