{"id":1119,"date":"2014-09-25T21:07:02","date_gmt":"2014-09-25T19:07:02","guid":{"rendered":"http:\/\/www.freischuetzen.de\/?page_id=1119"},"modified":"2024-08-20T12:33:34","modified_gmt":"2024-08-20T10:33:34","slug":"3d-bogensport","status":"publish","type":"page","link":"https:\/\/www.freischuetzen.de\/?page_id=1119","title":{"rendered":"Training"},"content":{"rendered":"<h1><strong>Interessengemeinschaft <br \/>Intuitives Bogenschie\u00dfen <br \/>Barsb\u00fcttel<br \/><\/strong><\/h1>\n\n\n<h2 class=\"wp-block-heading\"><br>Unser Trainigsgel\u00e4nde<\/h2>\n\n\n\n<p>3D-Bogensport-Gel\u00e4nde im<br>Sch\u00fctzenverein Barsb\u00fcttel e.V.<br>Am Bondenholz 15<br>22885 Barsb\u00fcttel<\/p>\n\n\n\n<h2 class=\"wp-block-heading\"><br>Betreutes Training<\/h2>\n\n\n\n<p>F\u00fcr Anf\u00e4nger: April &#8211; September, Mittwochs 17:30 &#8211; 19:00 Uhr<br>F\u00fcr Fortgeschrittene: Freitags 17:30 &#8211; 19:00 Uhr<br><a href=\"ansprechpartner@freischuetzen.de\">ansprechpartner@freischuetzen.de<\/a><\/p>\n\n\n\n<h2 class=\"wp-block-heading\"><br>Bogenschie\u00dfen<\/h2>\n\n\n\n<p>F\u00fcr Mitglieder mit Platz- und Parcoursreife jederzeit.<br>Platz- und Parcoursreife werden durch regelm\u00e4\u00dfige Teilnahme am Anf\u00e4nger-Training erworben.<\/p>\n\n\n\n<p><br><br><\/p>\n\n\n\n<p><br><\/p>\n\n\n\n<p><\/p>\n","protected":false},"excerpt":{"rendered":"<p>Interessengemeinschaft Intuitives Bogenschie\u00dfen Barsb\u00fcttel Unser Trainigsgel\u00e4nde 3D-Bogensport-Gel\u00e4nde imSch\u00fctzenverein Barsb\u00fcttel e.V.Am Bondenholz 1522885 Barsb\u00fcttel Betreutes Training F\u00fcr Anf\u00e4nger: April &#8211; September, Mittwochs 17:30 &#8211; 19:00 UhrF\u00fcr Fortgeschrittene: Freitags 17:30 &#8211; 19:00 Uhransprechpartner@freischuetzen.de Bogenschie\u00dfen F\u00fcr Mitglieder mit Platz- und Parcoursreife jederzeit.Platz- und Parcoursreife werden durch regelm\u00e4\u00dfige Teilnahme am Anf\u00e4nger-Training erworben.<\/p>\n","protected":false},"author":18,"featured_media":0,"parent":0,"menu_order":0,"comment_status":"closed","ping_status":"closed","template":"","meta":{"footnotes":""},"class_list":["post-1119","page","type-page","status-publish","hentry"],"_links":{"self":[{"href":"https:\/\/www.freischuetzen.de\/index.php?rest_route=\/wp\/v2\/pages\/1119","targetHints":{"allow":["GET"]}}],"collection":[{"href":"https:\/\/www.freischuetzen.de\/index.php?rest_route=\/wp\/v2\/pages"}],"about":[{"href":"https:\/\/www.freischuetzen.de\/index.php?rest_route=\/wp\/v2\/types\/page"}],"author":[{"embeddable":true,"href":"https:\/\/www.freischuetzen.de\/index.php?rest_route=\/wp\/v2\/users\/18"}],"replies":[{"embeddable":true,"href":"https:\/\/www.freischuetzen.de\/index.php?rest_route=%2Fwp%2Fv2%2Fcomments&post=1119"}],"version-history":[{"count":37,"href":"https:\/\/www.freischuetzen.de\/index.php?rest_route=\/wp\/v2\/pages\/1119\/revisions"}],"predecessor-version":[{"id":3035,"href":"https:\/\/www.freischuetzen.de\/index.php?rest_route=\/wp\/v2\/pages\/1119\/revisions\/3035"}],"wp:attachment":[{"href":"https:\/\/www.freischuetzen.de\/index.php?rest_route=%2Fwp%2Fv2%2Fmedia&parent=1119"}],"curies":[{"name":"wp","href":"https:\/\/api.w.org\/{rel}","templated":true}]}}