{"id":1116,"date":"2014-09-25T22:36:49","date_gmt":"2014-09-25T20:36:49","guid":{"rendered":"http:\/\/www.freischuetzen.de\/?page_id=1116"},"modified":"2022-12-19T12:49:30","modified_gmt":"2022-12-19T11:49:30","slug":"3d-bogenschiessen","status":"publish","type":"page","link":"https:\/\/www.freischuetzen.de\/","title":{"rendered":"3D-Bogenschie\u00dfen"},"content":{"rendered":"<p><strong>Traditioneller Bogensport auf dem Gel\u00e4nde des Sch\u00fctzenvereins Barsb\u00fcttel<\/strong><br \/>Seit 2012 betreiben wir 3-D Bogensport mit traditionellen B\u00f6gen. So nah an Hamburg, finden wir hier f\u00fcr unseren Sport Bedingungen vor, die ihresgleichen suchen. Wir haben das abwechslungsreiche Trainingsgel\u00e4nde im Laufe der Zeit f\u00fcr den 3-D Bogensport hergerichtet und es kann mittlerweile sogar ein kleiner Parcours zum Training genutzt werden.<\/p>\n<p><strong>Worum geht es beim 3-D Bogensport \u00fcberhaupt?<\/strong><br \/>Technisch gesehen ist 3-D Bogensport eine Sportart bei der versucht wird im Gel\u00e4nde, unter verschiedenen Schwierigkeiten, Ziele (meist Tierattrappen aus Schaumstoff) in einer gekennzeichneten Wertungszone zu treffen. Anders als beim (Olympischen) Bogenschie\u00dfen auf Scheiben muss man sich hier nicht nur den Licht- und Wetterbedingungen anpassen sondern auch die Gel\u00e4ndegegebenheiten ber\u00fccksichtigen, dar\u00fcber hinaus ist die Entfernung zum jeweiligen Ziel variabel. Das hei\u00dft man muss sich bei jedem Ziel mit immer neuen Gegebenheiten auseinandersetzen.<\/p>\n<p><strong>Warum traditionelle B\u00f6gen?<\/strong><br \/>Bogenschie\u00dfen mit traditionellen B\u00f6gen, wie wir es betreiben, ist eine Sportart bei der sich nichts erzwingen l\u00e4sst. Geduld mit sich selbst und Konzentration auf das Wesentliche sind gefragt sowie das Bem\u00fchen um einen m\u00f6glichst fehlerfreien Bewegungsablauf. Wir haben eben kein Visier an dem wir schrauben k\u00f6nnten. Den gr\u00f6\u00dften Anteil am Erfolg hat bei uns der Mensch und nicht das Material! Der Reiz beim traditionellen (intuitiven) Bogenschie\u00dfen liegt auch darin, den Pfeil ohne irgendeine Zielvorrichtungen auf unbekannte Entfernungen, auf unterschiedlich gro\u00dfe Ziele, unter verschiedensten Bedingungen aus seinem Bogen ins Ziel fliegen zu lassen.<br \/>Eben Instinktiv!<\/p>\n<p><strong>Was steht im Vordergrund?<\/strong><br \/>Beim Bogensport geht es darum, Spa\u00df zu haben! Sich Ziele zu setzten; sei es z. B. Teilnahme an Turnieren oder sogar Meisterschaften um sich mit anderen zu messen oder auch nur die Freude am traditionellen Bogensport an sich. Viele lernen auch F\u00e4higkeiten an sich kennen. Nicht zuletzt auch die Freude mit Gleichgesinnten drau\u00dfen in der Natur zu sein, daher \u00fcben wir unseren Sport zu allen Jahreszeiten im Freien aus.<\/p>\n<p><strong>F\u00fcr wen ist das was?<\/strong><br \/>Der 3-D Bogensport und das traditionelle Bogenschie\u00dfen erfreuen sich immer gr\u00f6\u00dferer Beliebtheit. Da der Bogensport, wie wir ihn betreiben, eine guter Ausgleich f\u00fcr den oftmals stressigen Alltag ist und au\u00dferdem f\u00fcr jung und alt geeignet ist!<\/p>\n<p>Jeder der diesen Sport mal ausprobieren m\u00f6chte, ist herzlich willkommen!<\/p>\n<p><strong>Hier unsere offiziellen <a href=\"https:\/\/www.freischuetzen.de\/?page_id=1119\">Trainingszeiten<\/a>.<\/strong><\/p>\n\n\n<p><\/p>\n","protected":false},"excerpt":{"rendered":"<p>Traditioneller Bogensport auf dem Gel\u00e4nde des Sch\u00fctzenvereins Barsb\u00fcttelSeit 2012 betreiben wir 3-D Bogensport mit traditionellen B\u00f6gen. So nah an Hamburg, finden wir hier f\u00fcr unseren Sport Bedingungen vor, die ihresgleichen suchen. Wir haben das abwechslungsreiche Trainingsgel\u00e4nde im Laufe der Zeit f\u00fcr den 3-D Bogensport hergerichtet und es kann mittlerweile sogar ein kleiner Parcours zum Training &hellip; <a href=\"https:\/\/www.freischuetzen.de\/\" class=\"more-link\"><span class=\"screen-reader-text\">3D-Bogenschie\u00dfen<\/span> weiterlesen <span class=\"meta-nav\">&rarr;<\/span><\/a><\/p>\n","protected":false},"author":18,"featured_media":0,"parent":0,"menu_order":0,"comment_status":"closed","ping_status":"closed","template":"","meta":{"footnotes":""},"class_list":["post-1116","page","type-page","status-publish","hentry"],"_links":{"self":[{"href":"https:\/\/www.freischuetzen.de\/index.php?rest_route=\/wp\/v2\/pages\/1116","targetHints":{"allow":["GET"]}}],"collection":[{"href":"https:\/\/www.freischuetzen.de\/index.php?rest_route=\/wp\/v2\/pages"}],"about":[{"href":"https:\/\/www.freischuetzen.de\/index.php?rest_route=\/wp\/v2\/types\/page"}],"author":[{"embeddable":true,"href":"https:\/\/www.freischuetzen.de\/index.php?rest_route=\/wp\/v2\/users\/18"}],"replies":[{"embeddable":true,"href":"https:\/\/www.freischuetzen.de\/index.php?rest_route=%2Fwp%2Fv2%2Fcomments&post=1116"}],"version-history":[{"count":12,"href":"https:\/\/www.freischuetzen.de\/index.php?rest_route=\/wp\/v2\/pages\/1116\/revisions"}],"predecessor-version":[{"id":2773,"href":"https:\/\/www.freischuetzen.de\/index.php?rest_route=\/wp\/v2\/pages\/1116\/revisions\/2773"}],"wp:attachment":[{"href":"https:\/\/www.freischuetzen.de\/index.php?rest_route=%2Fwp%2Fv2%2Fmedia&parent=1116"}],"curies":[{"name":"wp","href":"https:\/\/api.w.org\/{rel}","templated":true}]}}